{"id":1059,"date":"2025-11-18T18:52:59","date_gmt":"2025-11-18T17:52:59","guid":{"rendered":"https:\/\/innovaedu.fusalmo.org\/?page_id=1059"},"modified":"2025-11-29T20:19:20","modified_gmt":"2025-11-29T19:19:20","slug":"conoce-mas","status":"publish","type":"page","link":"https:\/\/innovaedu.fusalmo.org\/en\/conoce-mas\/","title":{"rendered":"Learn more"},"content":{"rendered":"<div data-elementor-type=\"wp-page\" data-elementor-id=\"1059\" class=\"elementor elementor-1059\" data-elementor-post-type=\"page\">\n\t\t\t\t<div class=\"elementor-element elementor-element-db197ec e-flex e-con-boxed e-con e-parent\" data-id=\"db197ec\" data-element_type=\"container\" data-settings=\"{&quot;background_background&quot;:&quot;classic&quot;}\">\n\t\t\t\t\t<div class=\"e-con-inner\">\n\t\t\t\t<div class=\"elementor-element elementor-element-43c6574 elementor-widget elementor-widget-html\" data-id=\"43c6574\" data-element_type=\"widget\" data-widget_type=\"html.default\">\n\t\t\t\t\t<div class=\"hero-portada\">\n\n  <!-- TEXTO CENTRAL -->\n  <div class=\"hero-texto\">\n      <span class=\"subtitulo\"><\/span>\n\n      <h1>\n       Get to know the latest from \n        \n        <span class=\"highlight\">Payment by Results <\/span> in El Salvador\n      <\/h1>\n  <\/div>\n\n<\/div>\n\n\n<style>\n@import url('https:\/\/fonts.googleapis.com\/css2?family=Poppins:wght@400;600;700;800&display=swap');\n\n.hero-portada{\n  position: relative;\n  width: 100%;\n  padding: 100px 40px;\n  text-align: center;\n  font-family: \"Poppins\", sans-serif;\n  overflow: hidden;\n}\n\n\/* --- SUBT\u00cdTULO --- *\/\n.subtitulo{\n  font-size: 16px;\n  color: #ffffff;\n  opacity: 0.8;\n  display: block;\n  margin-bottom: 10px;\n}\n\n\/* --- TEXTO PRINCIPAL --- *\/\n.hero-texto h1{\n  font-size: 52px;\n  font-weight: 800;\n  color: #ffffff;  \/* \ud83d\udd25 TEXTO TOTALMENTE BLANCO *\/\n  line-height: 1.1;\n  margin: 0;\n}\n\n\/* --- HIGHLIGHT (RESULTADOS) --- *\/\n.highlight{\n  background: #0A1737;   \/* \ud83d\udd39 color que pediste *\/\n  color: #fff;\n  padding: 6px 18px;\n  border-radius: 10px;\n  font-weight: 800;\n  display: inline-block;\n  box-shadow: 0 4px 14px rgba(0,0,0,0.2);\n}\n\n\/* --- RESPONSIVE --- *\/\n@media(max-width: 900px){\n  .hero-texto h1{\n    font-size: 36px;\n  }\n  .highlight{\n    padding: 4px 12px;\n  }\n}\n\n@media(max-width: 600px){\n  .hero-texto h1{\n    font-size: 32px;\n  }\n}\n<\/style>\t\t\t\t<\/div>\n\t\t\t\t\t<\/div>\n\t\t\t\t<\/div>\n\t\t<div class=\"elementor-element elementor-element-8035513 e-flex e-con-boxed e-con e-parent\" data-id=\"8035513\" data-element_type=\"container\" data-settings=\"{&quot;background_background&quot;:&quot;classic&quot;}\">\n\t\t\t\t\t<div class=\"e-con-inner\">\n\t\t<div class=\"elementor-element elementor-element-b14050c e-grid e-con-full e-con e-child\" data-id=\"b14050c\" data-element_type=\"container\">\n\t\t<div class=\"elementor-element elementor-element-41e0481 e-con-full e-flex e-con e-child\" data-id=\"41e0481\" data-element_type=\"container\" data-settings=\"{&quot;background_background&quot;:&quot;gradient&quot;}\">\n\t\t\t\t<div class=\"elementor-element elementor-element-9f98087 elementor-widget__width-initial elementor-widget elementor-widget-heading\" data-id=\"9f98087\" data-element_type=\"widget\" data-widget_type=\"heading.default\">\n\t\t\t\t\t<h2 class=\"elementor-heading-title elementor-size-default\">Betting on results that change lives.<\/h2>\t\t\t\t<\/div>\n\t\t\t\t<div class=\"elementor-element elementor-element-cff7285 elementor-widget__width-initial elementor-widget elementor-widget-text-editor\" data-id=\"cff7285\" data-element_type=\"widget\" data-widget_type=\"text-editor.default\">\n\t\t\t\t\t\t\t\t\t<p>Invest in an ecosystem where your contribution is only activated when we achieve the most valuable thing: that a student does not abandon his or her future.<\/p>\t\t\t\t\t\t\t\t<\/div>\n\t\t\t\t<\/div>\n\t\t\t\t<div class=\"elementor-element elementor-element-e5341cd elementor-widget elementor-widget-image\" data-id=\"e5341cd\" data-element_type=\"widget\" data-widget_type=\"image.default\">\n\t\t\t\t\t\t\t\t\t\t\t\t\t\t\t<img fetchpriority=\"high\" decoding=\"async\" width=\"800\" height=\"648\" src=\"https:\/\/innovaedu.fusalmo.org\/wp-content\/uploads\/2025\/11\/Recurso-45.svg\" class=\"attachment-large size-large wp-image-1071\" alt=\"\" \/>\t\t\t\t\t\t\t\t\t\t\t\t\t\t\t<\/div>\n\t\t\t\t<\/div>\n\t\t\t\t\t<\/div>\n\t\t\t\t<\/div>\n\t\t<div class=\"elementor-element elementor-element-8dd9814 e-flex e-con-boxed e-con e-parent\" data-id=\"8dd9814\" data-element_type=\"container\" data-settings=\"{&quot;background_background&quot;:&quot;classic&quot;}\">\n\t\t\t\t\t<div class=\"e-con-inner\">\n\t\t\t\t<div class=\"elementor-element elementor-element-b89a20c elementor-widget elementor-widget-heading\" data-id=\"b89a20c\" data-element_type=\"widget\" data-widget_type=\"heading.default\">\n\t\t\t\t\t<h2 class=\"elementor-heading-title elementor-size-default\">Every child who stays in school is a story that continues to be written. <\/h2>\t\t\t\t<\/div>\n\t\t\t\t<div class=\"elementor-element elementor-element-5ee3ec8 elementor-widget elementor-widget-heading\" data-id=\"5ee3ec8\" data-element_type=\"widget\" data-widget_type=\"heading.default\">\n\t\t\t\t\t<h2 class=\"elementor-heading-title elementor-size-default\">Contact us for more information.<\/h2>\t\t\t\t<\/div>\n\t\t\t\t<div class=\"elementor-element elementor-element-81b9dfe elementor-widget__width-initial elementor-widget elementor-widget-image\" data-id=\"81b9dfe\" data-element_type=\"widget\" data-widget_type=\"image.default\">\n\t\t\t\t\t\t\t\t\t\t\t\t\t\t\t<img decoding=\"async\" width=\"472\" height=\"13\" src=\"https:\/\/innovaedu.fusalmo.org\/wp-content\/uploads\/2025\/11\/linea-3.png\" class=\"attachment-large size-large wp-image-707\" alt=\"\" srcset=\"https:\/\/innovaedu.fusalmo.org\/wp-content\/uploads\/2025\/11\/linea-3.png 472w, https:\/\/innovaedu.fusalmo.org\/wp-content\/uploads\/2025\/11\/linea-3-300x8.png 300w\" sizes=\"(max-width: 472px) 100vw, 472px\" \/>\t\t\t\t\t\t\t\t\t\t\t\t\t\t\t<\/div>\n\t\t<div class=\"elementor-element elementor-element-0969493 e-con-full e-flex e-con e-child\" data-id=\"0969493\" data-element_type=\"container\" data-settings=\"{&quot;background_background&quot;:&quot;gradient&quot;}\">\n\t\t\t\t<div class=\"elementor-element elementor-element-bdfb7f7 elementor-widget__width-initial elementor-button-align-stretch elementor-widget elementor-widget-form\" data-id=\"bdfb7f7\" data-element_type=\"widget\" data-settings=\"{&quot;step_next_label&quot;:&quot;Siguiente&quot;,&quot;step_previous_label&quot;:&quot;Anterior&quot;,&quot;button_width&quot;:&quot;100&quot;,&quot;step_type&quot;:&quot;number_text&quot;,&quot;step_icon_shape&quot;:&quot;circle&quot;}\" data-widget_type=\"form.default\">\n\t\t\t\t\t\t\t<form class=\"elementor-form\" method=\"post\" name=\"Nuevo formulario\" aria-label=\"New form\" action=\"\">\n\t\t\t<input type=\"hidden\" name=\"post_id\" value=\"1059\"\/>\n\t\t\t<input type=\"hidden\" name=\"form_id\" value=\"bdfb7f7\"\/>\n\t\t\t<input type=\"hidden\" name=\"referer_title\" value=\"Conoce m\u00e1s\" \/>\n\n\t\t\t\t\t\t\t<input type=\"hidden\" name=\"queried_id\" value=\"1059\"\/>\n\t\t\t\n\t\t\t<div class=\"elementor-form-fields-wrapper elementor-labels-above\">\n\t\t\t\t\t\t\t\t<div class=\"elementor-field-type-text elementor-field-group elementor-column elementor-field-group-name elementor-col-100\">\n\t\t\t\t\t\t\t\t\t\t\t\t<label for=\"form-field-name\" class=\"elementor-field-label\">\n\t\t\t\t\t\t\t\tName\t\t\t\t\t\t\t<\/label>\n\t\t\t\t\t\t\t\t\t\t\t\t\t\t<input size=\"1\" type=\"text\" name=\"form_fields[name]\" id=\"form-field-name\" class=\"elementor-field elementor-size-sm  elementor-field-textual\" placeholder=\"Name\">\n\t\t\t\t\t\t\t\t\t\t\t<\/div>\n\t\t\t\t\t\t\t\t<div class=\"elementor-field-type-email elementor-field-group elementor-column elementor-field-group-email elementor-col-100 elementor-field-required elementor-mark-required\">\n\t\t\t\t\t\t\t\t\t\t\t\t<label for=\"form-field-email\" class=\"elementor-field-label\">\n\t\t\t\t\t\t\t\tE-mail address\t\t\t\t\t\t\t<\/label>\n\t\t\t\t\t\t\t\t\t\t\t\t\t\t<input size=\"1\" type=\"email\" name=\"form_fields[email]\" id=\"form-field-email\" class=\"elementor-field elementor-size-sm  elementor-field-textual\" placeholder=\"E-mail address\" required=\"required\">\n\t\t\t\t\t\t\t\t\t\t\t<\/div>\n\t\t\t\t\t\t\t\t<div class=\"elementor-field-type-textarea elementor-field-group elementor-column elementor-field-group-message elementor-col-100\">\n\t\t\t\t\t\t\t\t\t\t\t\t<label for=\"form-field-message\" class=\"elementor-field-label\">\n\t\t\t\t\t\t\t\tMessage\t\t\t\t\t\t\t<\/label>\n\t\t\t\t\t\t<textarea class=\"elementor-field-textual elementor-field  elementor-size-sm\" name=\"form_fields[message]\" id=\"form-field-message\" rows=\"4\" placeholder=\"Message\"><\/textarea>\t\t\t\t<\/div>\n\t\t\t\t\t\t\t\t<div class=\"elementor-field-group elementor-column elementor-field-type-submit elementor-col-100 e-form__buttons\">\n\t\t\t\t\t<button class=\"elementor-button elementor-size-sm\" type=\"submit\">\n\t\t\t\t\t\t<span class=\"elementor-button-content-wrapper\">\n\t\t\t\t\t\t\t\t\t\t\t\t\t\t\t\t\t\t\t\t\t\t<span class=\"elementor-button-text\">Send to<\/span>\n\t\t\t\t\t\t\t\t\t\t\t\t\t<\/span>\n\t\t\t\t\t<\/button>\n\t\t\t\t<\/div>\n\t\t\t<\/div>\n\t\t<input type=\"hidden\" name=\"trp-form-language\" value=\"en\"\/><\/form>\n\t\t\t\t\t\t<\/div>\n\t\t\t\t<\/div>\n\t\t<div class=\"elementor-element elementor-element-4dd14af e-con-full e-flex e-con e-child\" data-id=\"4dd14af\" data-element_type=\"container\" data-settings=\"{&quot;position&quot;:&quot;fixed&quot;}\">\n\t\t\t\t<div class=\"elementor-element elementor-element-d71a80d elementor-widget elementor-widget-shortcode\" data-id=\"d71a80d\" data-element_type=\"widget\" data-widget_type=\"shortcode.default\">\n\t\t\t\t\t\t\t<div class=\"elementor-shortcode\"><div class=\"trp-shortcode-switcher__wrapper\"\r\n     style=\"--bg:#ffffff;--bg-hover:#ffe100b2;--text:#000000;--text-hover:#2f024f;--border:2px solid #6161f2;--border-width:2px;--border-color:#6161f2;--border-radius:15px;--flag-radius:2px;--flag-size:18px;--aspect-ratio:4\/3;--font-size:14px;--transition-duration:0.2s\"\r\n     role=\"group\"\r\n     data-open-mode=\"click\">\r\n\r\n    \r\n        <!-- Opposite mode: render ONLY the in-flow (relative) element so it holds space -->\r\n        <div class=\"trp-language-switcher trp-ls-dropdown trp-shortcode-switcher trp-shortcode-anchor trp-open-on-click trp-opposite-button\"\r\n             role=\"navigation\"\r\n             aria-label=\"Website language selector\"\r\n             data-no-translation>\r\n                <div class=\"trp-current-language-item__wrapper trp-hide-arrow\">\r\n        <a class=\"trp-language-item trp-language-item__default\" data-no-translation href=\"https:\/\/innovaedu.fusalmo.org\/en\/wp-json\/wp\/v2\/pages\/1059\" title=\"Spanish\"><img decoding=\"async\" src=\"https:\/\/innovaedu.fusalmo.org\/wp-content\/plugins\/translatepress-multilingual\/assets\/flags\/4x3\/es_ES.svg\" class=\"trp-flag-image\" alt=\"\" role=\"presentation\" loading=\"lazy\" \/><span class=\"trp-language-item-name\">Spanish<\/span><\/a>            <\/div>\r\n            <\/div>\r\n\r\n    <\/div>\r\n<\/div>\n\t\t\t\t\t\t<\/div>\n\t\t\t\t<\/div>\n\t\t\t\t\t<\/div>\n\t\t\t\t<\/div>\n\t\t\t\t<\/div>","protected":false},"excerpt":{"rendered":"<p>Conoce lo \u00faltimo de Pago por Resultados en El Salvador Apuesta por resultados que cambian vidas. Invierte en un ecosistema donde tu aporte solo se activa cuando logramos lo m\u00e1s valioso: que un estudiante no abandone su futuro. Cada ni\u00f1o que permanece en la escuela es una historia que sigue escribi\u00e9ndose. Cont\u00e1ctanos para m\u00e1s informaci\u00f3n.<\/p>","protected":false},"author":1,"featured_media":0,"parent":0,"menu_order":0,"comment_status":"closed","ping_status":"closed","template":"elementor_header_footer","meta":{"footnotes":""},"class_list":["post-1059","page","type-page","status-publish","hentry"],"_links":{"self":[{"href":"https:\/\/innovaedu.fusalmo.org\/en\/wp-json\/wp\/v2\/pages\/1059","targetHints":{"allow":["GET"]}}],"collection":[{"href":"https:\/\/innovaedu.fusalmo.org\/en\/wp-json\/wp\/v2\/pages"}],"about":[{"href":"https:\/\/innovaedu.fusalmo.org\/en\/wp-json\/wp\/v2\/types\/page"}],"author":[{"embeddable":true,"href":"https:\/\/innovaedu.fusalmo.org\/en\/wp-json\/wp\/v2\/users\/1"}],"replies":[{"embeddable":true,"href":"https:\/\/innovaedu.fusalmo.org\/en\/wp-json\/wp\/v2\/comments?post=1059"}],"version-history":[{"count":55,"href":"https:\/\/innovaedu.fusalmo.org\/en\/wp-json\/wp\/v2\/pages\/1059\/revisions"}],"predecessor-version":[{"id":1344,"href":"https:\/\/innovaedu.fusalmo.org\/en\/wp-json\/wp\/v2\/pages\/1059\/revisions\/1344"}],"wp:attachment":[{"href":"https:\/\/innovaedu.fusalmo.org\/en\/wp-json\/wp\/v2\/media?parent=1059"}],"curies":[{"name":"wp","href":"https:\/\/api.w.org\/{rel}","templated":true}]}}